{"id":7705,"date":"2026-04-17T17:11:38","date_gmt":"2026-04-17T21:11:38","guid":{"rendered":"https:\/\/www.boutiquedes3sorciers.ca\/?post_type=product&#038;p=7705"},"modified":"2026-04-26T15:41:25","modified_gmt":"2026-04-26T19:41:25","slug":"carte-3d-ministere-de-la-magie","status":"publish","type":"product","link":"https:\/\/www.boutiquedes3sorciers.ca\/en\/produit\/carte-3d-ministere-de-la-magie\/","title":{"rendered":"Carte 3D Minist\u00e8re de la Magie"},"content":{"rendered":"<p>Carte de correspondance Pop-up 3D avec enveloppe.<\/p>\n<p>DIMENSIONS<br \/>\nHauteur : 12,5 cm.<br \/>\nLargeur : 16,4 cm.<\/p>\n<p><em>Texte en anglais.<\/em><\/p>\n<p>Produit MinaLima.<\/p>\n","protected":false},"excerpt":{"rendered":"<p>Envoyez un message magique avec cetet carte 3D orn\u00e9e d&#8217;une illustration en relief du grand atrium du Minist\u00e8re de la Magie. Avec son design en forme de tunnel, ses d\u00e9tails m\u00e9talliques dor\u00e9s et son espace au verso pour votre message, cette carte 3D s&#8217;inspire du Minist\u00e8re de la Magie de la saga <em>Harry Potter<\/em>.<\/p>\n","protected":false},"featured_media":7706,"template":"","meta":[],"product_brand":[],"product_cat":[44],"product_tag":[],"class_list":{"0":"post-7705","1":"product","2":"type-product","3":"status-publish","4":"has-post-thumbnail","6":"product_cat-papeterie","8":"first","9":"instock","10":"taxable","11":"shipping-taxable","12":"purchasable","13":"product-type-simple"},"acf":[],"_links":{"self":[{"href":"https:\/\/www.boutiquedes3sorciers.ca\/en\/wp-json\/wp\/v2\/product\/7705","targetHints":{"allow":["GET"]}}],"collection":[{"href":"https:\/\/www.boutiquedes3sorciers.ca\/en\/wp-json\/wp\/v2\/product"}],"about":[{"href":"https:\/\/www.boutiquedes3sorciers.ca\/en\/wp-json\/wp\/v2\/types\/product"}],"wp:featuredmedia":[{"embeddable":true,"href":"https:\/\/www.boutiquedes3sorciers.ca\/en\/wp-json\/wp\/v2\/media\/7706"}],"wp:attachment":[{"href":"https:\/\/www.boutiquedes3sorciers.ca\/en\/wp-json\/wp\/v2\/media?parent=7705"}],"wp:term":[{"taxonomy":"product_brand","embeddable":true,"href":"https:\/\/www.boutiquedes3sorciers.ca\/en\/wp-json\/wp\/v2\/product_brand?post=7705"},{"taxonomy":"product_cat","embeddable":true,"href":"https:\/\/www.boutiquedes3sorciers.ca\/en\/wp-json\/wp\/v2\/product_cat?post=7705"},{"taxonomy":"product_tag","embeddable":true,"href":"https:\/\/www.boutiquedes3sorciers.ca\/en\/wp-json\/wp\/v2\/product_tag?post=7705"}],"curies":[{"name":"wp","href":"https:\/\/api.w.org\/{rel}","templated":true}]}}