{"id":4604,"date":"2024-09-28T14:12:58","date_gmt":"2024-09-28T18:12:58","guid":{"rendered":"https:\/\/www.boutiquedes3sorciers.ca\/produit\/agenda-24-25-fieres-detre-sorcieres\/"},"modified":"2024-12-12T15:27:26","modified_gmt":"2024-12-12T20:27:26","slug":"agenda-24-25-fieres-detre-sorcieres","status":"publish","type":"product","link":"https:\/\/www.boutiquedes3sorciers.ca\/en\/produit\/agenda-24-25-fieres-detre-sorcieres\/","title":{"rendered":"Agenda 24-25 Fi\u00e8res d&#8217;\u00eatre sorci\u00e8res !"},"content":{"rendered":"<p>Pages : 320. Text in French.<\/p>\n<p>Publisher: Gallimard.<\/p>\n","protected":false},"excerpt":{"rendered":"<p>Pages : 320. Text in French. Publisher: Gallimard.<\/p>\n","protected":false},"featured_media":2621,"template":"","meta":[],"product_brand":[],"product_cat":[77],"product_tag":[],"class_list":{"0":"post-4604","1":"product","2":"type-product","3":"status-publish","4":"has-post-thumbnail","6":"product_cat-books","8":"first","9":"instock","10":"sale","11":"taxable","12":"shipping-taxable","13":"purchasable","14":"product-type-simple"},"acf":[],"_links":{"self":[{"href":"https:\/\/www.boutiquedes3sorciers.ca\/en\/wp-json\/wp\/v2\/product\/4604","targetHints":{"allow":["GET"]}}],"collection":[{"href":"https:\/\/www.boutiquedes3sorciers.ca\/en\/wp-json\/wp\/v2\/product"}],"about":[{"href":"https:\/\/www.boutiquedes3sorciers.ca\/en\/wp-json\/wp\/v2\/types\/product"}],"wp:featuredmedia":[{"embeddable":true,"href":"https:\/\/www.boutiquedes3sorciers.ca\/en\/wp-json\/wp\/v2\/media\/2621"}],"wp:attachment":[{"href":"https:\/\/www.boutiquedes3sorciers.ca\/en\/wp-json\/wp\/v2\/media?parent=4604"}],"wp:term":[{"taxonomy":"product_brand","embeddable":true,"href":"https:\/\/www.boutiquedes3sorciers.ca\/en\/wp-json\/wp\/v2\/product_brand?post=4604"},{"taxonomy":"product_cat","embeddable":true,"href":"https:\/\/www.boutiquedes3sorciers.ca\/en\/wp-json\/wp\/v2\/product_cat?post=4604"},{"taxonomy":"product_tag","embeddable":true,"href":"https:\/\/www.boutiquedes3sorciers.ca\/en\/wp-json\/wp\/v2\/product_tag?post=4604"}],"curies":[{"name":"wp","href":"https:\/\/api.w.org\/{rel}","templated":true}]}}